{"id":2,"date":"2016-05-10T03:48:21","date_gmt":"2016-05-10T03:48:21","guid":{"rendered":"https:\/\/steku.ch\/?page_id=2"},"modified":"2026-04-16T17:11:14","modified_gmt":"2026-04-16T17:11:14","slug":"sample-page","status":"publish","type":"page","link":"https:\/\/steku.ch\/?page_id=2","title":{"rendered":"\u00dcber meine Person"},"content":{"rendered":"\n<div class=\"wp-block-group\"><div class=\"wp-block-group__inner-container is-layout-constrained wp-block-group-is-layout-constrained\">\n<p>Stefan Kunz, geboren 1985, ist in Dietikon im Limmattal aufgewachsen. Er studierte Rechtswissenschaften an der Universit\u00e4t Z\u00fcrich und lebt seit 2013 in Basel. Seit 2016 ist er als selbst\u00e4ndiger Anwalt mit Schwerpunkt Strafrecht t\u00e4tig.<\/p>\n\n\n\n<p>Ehrenamtlich engagiert er sich als Mitglied der SP Schweiz, SP Basel-Stadt und als Co-Pr\u00e4sident des SP Quartiervereins St. Alban-Breite-Innenstadt.<\/p>\n\n\n\n<p>Privat ist Stefan Kunz ein Familienmensch, der die kulturelle Vielfalt und Offenheit des Stadtlebens geniesst. Sein Blick auf die Welt ist gepr\u00e4gt von echter Neugier auf die Menschen und grossem Respekt vor der Natur. Inspiration findet er im Kontrast: Er sch\u00e4tzt die Pr\u00e4zision der Barockmusik von Bach ebenso wie die Energie von Techno. Er vertieft sich gerne in Geschichte, Kunst und Philosophie oder l\u00e4sst sich von guten Serien unterhalten.<\/p>\n\n\n\n<p><\/p>\n\n\n\n<p class=\"has-medium-font-size\"><a href=\"mailto:stepan.kunz@gmail.com\" data-type=\"page\" data-id=\"145\" target=\"_blank\" rel=\"noreferrer noopener\">stepan.kunz[at]gmail.com<\/a><\/p>\n\n\n\n<p><\/p>\n<\/div><\/div>\n","protected":false},"excerpt":{"rendered":"<p>Stefan Kunz, geboren 1985, ist in Dietikon im Limmattal aufgewachsen. Er studierte Rechtswissenschaften an der Universit\u00e4t Z\u00fcrich und lebt seit 2013 in Basel. Seit 2016 ist er als selbst\u00e4ndiger Anwalt mit Schwerpunkt Strafrecht t\u00e4tig. Ehrenamtlich engagiert er sich als Mitglied der SP Schweiz, SP Basel-Stadt und als Co-Pr\u00e4sident des SP Quartiervereins St. Alban-Breite-Innenstadt. Privat ist [&hellip;]<\/p>\n","protected":false},"author":1,"featured_media":0,"parent":0,"menu_order":0,"comment_status":"closed","ping_status":"closed","template":"","meta":{"footnotes":""},"class_list":["post-2","page","type-page","status-publish","hentry","entry"],"_links":{"self":[{"href":"https:\/\/steku.ch\/index.php?rest_route=\/wp\/v2\/pages\/2","targetHints":{"allow":["GET"]}}],"collection":[{"href":"https:\/\/steku.ch\/index.php?rest_route=\/wp\/v2\/pages"}],"about":[{"href":"https:\/\/steku.ch\/index.php?rest_route=\/wp\/v2\/types\/page"}],"author":[{"embeddable":true,"href":"https:\/\/steku.ch\/index.php?rest_route=\/wp\/v2\/users\/1"}],"replies":[{"embeddable":true,"href":"https:\/\/steku.ch\/index.php?rest_route=%2Fwp%2Fv2%2Fcomments&post=2"}],"version-history":[{"count":16,"href":"https:\/\/steku.ch\/index.php?rest_route=\/wp\/v2\/pages\/2\/revisions"}],"predecessor-version":[{"id":275,"href":"https:\/\/steku.ch\/index.php?rest_route=\/wp\/v2\/pages\/2\/revisions\/275"}],"wp:attachment":[{"href":"https:\/\/steku.ch\/index.php?rest_route=%2Fwp%2Fv2%2Fmedia&parent=2"}],"curies":[{"name":"wp","href":"https:\/\/api.w.org\/{rel}","templated":true}]}}